{"id":135,"date":"2024-12-04T23:38:57","date_gmt":"2024-12-04T22:38:57","guid":{"rendered":"https:\/\/boisvez.cluster023.hosting.ovh.net\/?page_id=135"},"modified":"2024-12-05T18:53:45","modified_gmt":"2024-12-05T17:53:45","slug":"aerogommage","status":"publish","type":"page","link":"https:\/\/www.boisvermeil.com\/index.php\/aerogommage\/","title":{"rendered":"A\u00e9rogommage"},"content":{"rendered":"\r\n<p class=\"has-medium-font-size\" style=\"background: white; margin: 0cm 0cm 18.0pt 0cm;\"><em><b><span style=\"font-family: 'Lato',sans-serif; color: black;\">Vous souhaitez d\u00e9caper vos meubles ? L\u2019a\u00e9rogommage, c\u2019est la solution.<\/span><\/b><\/em><b><span style=\"font-family: 'Lato',sans-serif; color: black;\"><br style=\"box-sizing: inherit;\" \/><\/span><\/b><span style=\"font-family: 'Lato',sans-serif; color: black;\"><br style=\"box-sizing: inherit;\" \/><strong style=\"box-sizing: inherit;\"><span style=\"font-family: 'Lato',sans-serif;\">Qu\u2019est-ce que l\u2019a\u00e9rogommage?<\/span><\/strong><br style=\"box-sizing: inherit;\" \/>L\u2019a\u00e9rogommage est un proc\u00e9d\u00e9 permettant de d\u00e9caper, de retirer le vernis vieilli ou abim\u00e9 ou encore la peinture. Cela consiste en la projection d\u2019un abrasif naturel (sable tr\u00e8s fin, le garnet) \u00e0 l\u2019aide d\u2019air comprim\u00e9 \u00e0 basse pression.<br style=\"box-sizing: inherit;\" \/><br style=\"box-sizing: inherit;\" \/><strong style=\"box-sizing: inherit;\"><span style=\"font-family: 'Lato',sans-serif;\">Dans quel cas ?<\/span><\/strong><br style=\"box-sizing: inherit;\" \/>Si vous cherchez \u00e0 redonner un coup de jeune \u00e0 un vieux meuble\/mobilier d\u00e9suet\/abim\u00e9, alors l\u2019a\u00e9rogommage est la solution.<br style=\"box-sizing: inherit;\" \/>Pour un buffet, une commode, une table de chevet, une table basse, une table de salle \u00e0 manger, une chaise, un fauteuil ou tout type de boiserie. L\u2019a\u00e9rogommage est \u00e9galement possible sur du m\u00e9tal.<\/span><\/p>\r\n<p class=\"has-medium-font-size\" style=\"background: white; box-sizing: inherit; font-variant-ligatures: normal; font-variant-caps: normal; orphans: 2; text-align: start; widows: 2; -webkit-text-stroke-width: 0px; text-decoration-thickness: initial; text-decoration-style: initial; text-decoration-color: initial; word-spacing: 0px; margin: 0cm 0cm 18.0pt 0cm;\"><strong style=\"box-sizing: inherit;\"><span style=\"font-family: 'Lato',sans-serif; color: black;\">Et apr\u00e8s ?<\/span><\/strong><span style=\"font-family: 'Lato',sans-serif; color: black;\"><br style=\"box-sizing: inherit;\" \/>Il est possible d\u2019effectuer les finitions du mobilier apr\u00e8s le sablage (ex : vernis, modernisation gr\u00e2ce \u00e0 de la peinture, cire, etc\u2026). Nous pouvons discuter de votre projet ensemble, nous y participerons avec plaisir !<\/span><\/p>\r\n<p class=\"has-medium-font-size\" style=\"background: white; box-sizing: inherit; font-variant-ligatures: normal; font-variant-caps: normal; orphans: 2; text-align: start; widows: 2; -webkit-text-stroke-width: 0px; text-decoration-thickness: initial; text-decoration-style: initial; text-decoration-color: initial; word-spacing: 0px; margin: 0cm 0cm 18.0pt 0cm;\"><strong style=\"box-sizing: inherit;\"><i><span style=\"font-family: 'Lato',sans-serif; color: black;\">Devis sur demande, n\u2019h\u00e9sitez pas \u00e0 nous contacter via notre formulaire ci-dessous.<\/span><\/i><\/strong><\/p>\r\n<p class=\"has-text-align-center\" style=\"background: white; box-sizing: inherit; font-variant-ligatures: normal; font-variant-caps: normal; orphans: 2; text-align: start; widows: 2; -webkit-text-stroke-width: 0px; text-decoration-thickness: initial; text-decoration-style: initial; text-decoration-color: initial; word-spacing: 0px; margin: 0cm 0cm 18.0pt 0cm;\"><em style=\"box-sizing: inherit;\"><b><span style=\"font-family: 'Lato',sans-serif; color: black;\">Quelques exemples :<\/span><\/b><\/em><\/p>\r\n\r\n\r\n\r\n<figure class=\"wp-block-image\">\r\n<p><img loading=\"lazy\" decoding=\"async\" class=\"size-medium wp-image-299\" src=\"https:\/\/www.boisvermeil.com\/wp-content\/uploads\/2024\/12\/meuble-240x300.jpeg\" alt=\"\" width=\"240\" height=\"300\" srcset=\"https:\/\/www.boisvermeil.com\/wp-content\/uploads\/2024\/12\/meuble-240x300.jpeg 240w, https:\/\/www.boisvermeil.com\/wp-content\/uploads\/2024\/12\/meuble-300x375.jpeg 300w, https:\/\/www.boisvermeil.com\/wp-content\/uploads\/2024\/12\/meuble.jpeg 600w\" sizes=\"auto, (max-width: 240px) 100vw, 240px\" \/><\/p>\r\n<\/figure>\r\n\r\n\r\n\r\n<figure class=\"wp-block-image\">\r\n<p><img loading=\"lazy\" decoding=\"async\" class=\"wp-image-180 size-medium\" src=\"https:\/\/www.boisvermeil.com\/wp-content\/uploads\/2024\/12\/IMG_5673-240x300.jpg\" alt=\"\" width=\"240\" height=\"300\" srcset=\"https:\/\/www.boisvermeil.com\/wp-content\/uploads\/2024\/12\/IMG_5673-240x300.jpg 240w, https:\/\/www.boisvermeil.com\/wp-content\/uploads\/2024\/12\/IMG_5673-819x1024.jpg 819w, https:\/\/www.boisvermeil.com\/wp-content\/uploads\/2024\/12\/IMG_5673-768x960.jpg 768w, https:\/\/www.boisvermeil.com\/wp-content\/uploads\/2024\/12\/IMG_5673-300x375.jpg 300w, https:\/\/www.boisvermeil.com\/wp-content\/uploads\/2024\/12\/IMG_5673-850x1063.jpg 850w, https:\/\/www.boisvermeil.com\/wp-content\/uploads\/2024\/12\/IMG_5673-600x750.jpg 600w, https:\/\/www.boisvermeil.com\/wp-content\/uploads\/2024\/12\/IMG_5673.jpg 1170w\" sizes=\"auto, (max-width: 240px) 100vw, 240px\" \/><\/p>\r\n<\/figure>\r\n\r\n\r\n\r\n<figure class=\"wp-block-image\"><img loading=\"lazy\" decoding=\"async\" class=\"alignnone wp-image-187 size-medium\" src=\"https:\/\/www.boisvermeil.com\/wp-content\/uploads\/2024\/12\/image0-11-240x300.jpeg\" alt=\"\" width=\"240\" height=\"300\" srcset=\"https:\/\/www.boisvermeil.com\/wp-content\/uploads\/2024\/12\/image0-11-240x300.jpeg 240w, https:\/\/www.boisvermeil.com\/wp-content\/uploads\/2024\/12\/image0-11-819x1024.jpeg 819w, https:\/\/www.boisvermeil.com\/wp-content\/uploads\/2024\/12\/image0-11-768x960.jpeg 768w, https:\/\/www.boisvermeil.com\/wp-content\/uploads\/2024\/12\/image0-11-300x375.jpeg 300w, https:\/\/www.boisvermeil.com\/wp-content\/uploads\/2024\/12\/image0-11-850x1063.jpeg 850w, https:\/\/www.boisvermeil.com\/wp-content\/uploads\/2024\/12\/image0-11-600x750.jpeg 600w, https:\/\/www.boisvermeil.com\/wp-content\/uploads\/2024\/12\/image0-11.jpeg 1170w\" sizes=\"auto, (max-width: 240px) 100vw, 240px\" \/><\/figure>\r\n\r\n\r\n\r\n<figure class=\"wp-block-image\"><img loading=\"lazy\" decoding=\"async\" class=\"alignnone wp-image-183 size-medium\" src=\"https:\/\/www.boisvermeil.com\/wp-content\/uploads\/2024\/12\/image3-1-240x300.jpeg\" alt=\"\" width=\"240\" height=\"300\" srcset=\"https:\/\/www.boisvermeil.com\/wp-content\/uploads\/2024\/12\/image3-1-240x300.jpeg 240w, https:\/\/www.boisvermeil.com\/wp-content\/uploads\/2024\/12\/image3-1-819x1024.jpeg 819w, https:\/\/www.boisvermeil.com\/wp-content\/uploads\/2024\/12\/image3-1-768x960.jpeg 768w, https:\/\/www.boisvermeil.com\/wp-content\/uploads\/2024\/12\/image3-1-300x375.jpeg 300w, https:\/\/www.boisvermeil.com\/wp-content\/uploads\/2024\/12\/image3-1-850x1062.jpeg 850w, https:\/\/www.boisvermeil.com\/wp-content\/uploads\/2024\/12\/image3-1-600x750.jpeg 600w, https:\/\/www.boisvermeil.com\/wp-content\/uploads\/2024\/12\/image3-1.jpeg 1169w\" sizes=\"auto, (max-width: 240px) 100vw, 240px\" \/><\/figure>\r\n","protected":false},"excerpt":{"rendered":"<p>Vous souhaitez d\u00e9caper vos meubles ? L\u2019a\u00e9rogommage, c\u2019est la solution.Qu\u2019est-ce que l\u2019a\u00e9rogommage?L\u2019a\u00e9rogommage est un proc\u00e9d\u00e9 permettant de d\u00e9caper, de retirer le vernis vieilli ou abim\u00e9 ou encore la peinture. Cela consiste en la projection d\u2019un abrasif naturel (sable tr\u00e8s fin, le garnet) \u00e0 l\u2019aide d\u2019air comprim\u00e9 \u00e0 basse pression.Dans quel cas ?Si vous cherchez \u00e0&#8230;<\/p>\n","protected":false},"author":1,"featured_media":0,"parent":0,"menu_order":4,"comment_status":"closed","ping_status":"closed","template":"","meta":{"footnotes":""},"class_list":["post-135","page","type-page","status-publish","hentry"],"yoast_head":"<!-- This site is optimized with the Yoast SEO plugin v24.8.1 - https:\/\/yoast.com\/wordpress\/plugins\/seo\/ -->\n<title>A\u00e9rogommage - BOIS VERMEIL<\/title>\n<meta name=\"robots\" content=\"index, follow, max-snippet:-1, max-image-preview:large, max-video-preview:-1\" \/>\n<link rel=\"canonical\" href=\"https:\/\/www.boisvermeil.com\/index.php\/aerogommage\/\" \/>\n<meta property=\"og:locale\" content=\"fr_FR\" \/>\n<meta property=\"og:type\" content=\"article\" \/>\n<meta property=\"og:title\" content=\"A\u00e9rogommage - BOIS VERMEIL\" \/>\n<meta property=\"og:description\" content=\"Vous souhaitez d\u00e9caper vos meubles ? L\u2019a\u00e9rogommage, c\u2019est la solution.Qu\u2019est-ce que l\u2019a\u00e9rogommage?L\u2019a\u00e9rogommage est un proc\u00e9d\u00e9 permettant de d\u00e9caper, de retirer le vernis vieilli ou abim\u00e9 ou encore la peinture. Cela consiste en la projection d\u2019un abrasif naturel (sable tr\u00e8s fin, le garnet) \u00e0 l\u2019aide d\u2019air comprim\u00e9 \u00e0 basse pression.Dans quel cas ?Si vous cherchez \u00e0...\" \/>\n<meta property=\"og:url\" content=\"https:\/\/www.boisvermeil.com\/index.php\/aerogommage\/\" \/>\n<meta property=\"og:site_name\" content=\"BOIS VERMEIL\" \/>\n<meta property=\"article:modified_time\" content=\"2024-12-05T17:53:45+00:00\" \/>\n<meta property=\"og:image\" content=\"https:\/\/www.boisvermeil.com\/wp-content\/uploads\/2024\/12\/meuble.jpeg\" \/>\n\t<meta property=\"og:image:width\" content=\"600\" \/>\n\t<meta property=\"og:image:height\" content=\"750\" \/>\n\t<meta property=\"og:image:type\" content=\"image\/jpeg\" \/>\n<meta name=\"twitter:card\" content=\"summary_large_image\" \/>\n<meta name=\"twitter:label1\" content=\"Dur\u00e9e de lecture estim\u00e9e\" \/>\n\t<meta name=\"twitter:data1\" content=\"1 minute\" \/>\n<script type=\"application\/ld+json\" class=\"yoast-schema-graph\">{\"@context\":\"https:\/\/schema.org\",\"@graph\":[{\"@type\":\"WebPage\",\"@id\":\"https:\/\/www.boisvermeil.com\/index.php\/aerogommage\/\",\"url\":\"https:\/\/www.boisvermeil.com\/index.php\/aerogommage\/\",\"name\":\"A\u00e9rogommage - BOIS VERMEIL\",\"isPartOf\":{\"@id\":\"https:\/\/www.boisvermeil.com\/#website\"},\"primaryImageOfPage\":{\"@id\":\"https:\/\/www.boisvermeil.com\/index.php\/aerogommage\/#primaryimage\"},\"image\":{\"@id\":\"https:\/\/www.boisvermeil.com\/index.php\/aerogommage\/#primaryimage\"},\"thumbnailUrl\":\"https:\/\/www.boisvermeil.com\/wp-content\/uploads\/2024\/12\/meuble-240x300.jpeg\",\"datePublished\":\"2024-12-04T22:38:57+00:00\",\"dateModified\":\"2024-12-05T17:53:45+00:00\",\"breadcrumb\":{\"@id\":\"https:\/\/www.boisvermeil.com\/index.php\/aerogommage\/#breadcrumb\"},\"inLanguage\":\"fr-FR\",\"potentialAction\":[{\"@type\":\"ReadAction\",\"target\":[\"https:\/\/www.boisvermeil.com\/index.php\/aerogommage\/\"]}]},{\"@type\":\"ImageObject\",\"inLanguage\":\"fr-FR\",\"@id\":\"https:\/\/www.boisvermeil.com\/index.php\/aerogommage\/#primaryimage\",\"url\":\"https:\/\/www.boisvermeil.com\/wp-content\/uploads\/2024\/12\/meuble.jpeg\",\"contentUrl\":\"https:\/\/www.boisvermeil.com\/wp-content\/uploads\/2024\/12\/meuble.jpeg\",\"width\":600,\"height\":750,\"caption\":\"Screenshot\"},{\"@type\":\"BreadcrumbList\",\"@id\":\"https:\/\/www.boisvermeil.com\/index.php\/aerogommage\/#breadcrumb\",\"itemListElement\":[{\"@type\":\"ListItem\",\"position\":1,\"name\":\"Accueil\",\"item\":\"https:\/\/www.boisvermeil.com\/\"},{\"@type\":\"ListItem\",\"position\":2,\"name\":\"A\u00e9rogommage\"}]},{\"@type\":\"WebSite\",\"@id\":\"https:\/\/www.boisvermeil.com\/#website\",\"url\":\"https:\/\/www.boisvermeil.com\/\",\"name\":\"BOIS VERMEIL\",\"description\":\"art et mobilier Art et Mobilier\",\"publisher\":{\"@id\":\"https:\/\/www.boisvermeil.com\/#organization\"},\"alternateName\":\"Bois Vermeil\",\"potentialAction\":[{\"@type\":\"SearchAction\",\"target\":{\"@type\":\"EntryPoint\",\"urlTemplate\":\"https:\/\/www.boisvermeil.com\/?s={search_term_string}\"},\"query-input\":{\"@type\":\"PropertyValueSpecification\",\"valueRequired\":true,\"valueName\":\"search_term_string\"}}],\"inLanguage\":\"fr-FR\"},{\"@type\":\"Organization\",\"@id\":\"https:\/\/www.boisvermeil.com\/#organization\",\"name\":\"BOIS VERMEIL\",\"alternateName\":\"Bois Vermeil - Art et Mobilier\",\"url\":\"https:\/\/www.boisvermeil.com\/\",\"logo\":{\"@type\":\"ImageObject\",\"inLanguage\":\"fr-FR\",\"@id\":\"https:\/\/www.boisvermeil.com\/#\/schema\/logo\/image\/\",\"url\":\"https:\/\/www.boisvermeil.com\/wp-content\/uploads\/2024\/12\/cropped-Logo-Fond-fonce.png\",\"contentUrl\":\"https:\/\/www.boisvermeil.com\/wp-content\/uploads\/2024\/12\/cropped-Logo-Fond-fonce.png\",\"width\":512,\"height\":512,\"caption\":\"BOIS VERMEIL\"},\"image\":{\"@id\":\"https:\/\/www.boisvermeil.com\/#\/schema\/logo\/image\/\"}}]}<\/script>\n<!-- \/ Yoast SEO plugin. -->","yoast_head_json":{"title":"A\u00e9rogommage - BOIS VERMEIL","robots":{"index":"index","follow":"follow","max-snippet":"max-snippet:-1","max-image-preview":"max-image-preview:large","max-video-preview":"max-video-preview:-1"},"canonical":"https:\/\/www.boisvermeil.com\/index.php\/aerogommage\/","og_locale":"fr_FR","og_type":"article","og_title":"A\u00e9rogommage - BOIS VERMEIL","og_description":"Vous souhaitez d\u00e9caper vos meubles ? L\u2019a\u00e9rogommage, c\u2019est la solution.Qu\u2019est-ce que l\u2019a\u00e9rogommage?L\u2019a\u00e9rogommage est un proc\u00e9d\u00e9 permettant de d\u00e9caper, de retirer le vernis vieilli ou abim\u00e9 ou encore la peinture. Cela consiste en la projection d\u2019un abrasif naturel (sable tr\u00e8s fin, le garnet) \u00e0 l\u2019aide d\u2019air comprim\u00e9 \u00e0 basse pression.Dans quel cas ?Si vous cherchez \u00e0...","og_url":"https:\/\/www.boisvermeil.com\/index.php\/aerogommage\/","og_site_name":"BOIS VERMEIL","article_modified_time":"2024-12-05T17:53:45+00:00","og_image":[{"width":600,"height":750,"url":"https:\/\/www.boisvermeil.com\/wp-content\/uploads\/2024\/12\/meuble.jpeg","type":"image\/jpeg"}],"twitter_card":"summary_large_image","twitter_misc":{"Dur\u00e9e de lecture estim\u00e9e":"1 minute"},"schema":{"@context":"https:\/\/schema.org","@graph":[{"@type":"WebPage","@id":"https:\/\/www.boisvermeil.com\/index.php\/aerogommage\/","url":"https:\/\/www.boisvermeil.com\/index.php\/aerogommage\/","name":"A\u00e9rogommage - BOIS VERMEIL","isPartOf":{"@id":"https:\/\/www.boisvermeil.com\/#website"},"primaryImageOfPage":{"@id":"https:\/\/www.boisvermeil.com\/index.php\/aerogommage\/#primaryimage"},"image":{"@id":"https:\/\/www.boisvermeil.com\/index.php\/aerogommage\/#primaryimage"},"thumbnailUrl":"https:\/\/www.boisvermeil.com\/wp-content\/uploads\/2024\/12\/meuble-240x300.jpeg","datePublished":"2024-12-04T22:38:57+00:00","dateModified":"2024-12-05T17:53:45+00:00","breadcrumb":{"@id":"https:\/\/www.boisvermeil.com\/index.php\/aerogommage\/#breadcrumb"},"inLanguage":"fr-FR","potentialAction":[{"@type":"ReadAction","target":["https:\/\/www.boisvermeil.com\/index.php\/aerogommage\/"]}]},{"@type":"ImageObject","inLanguage":"fr-FR","@id":"https:\/\/www.boisvermeil.com\/index.php\/aerogommage\/#primaryimage","url":"https:\/\/www.boisvermeil.com\/wp-content\/uploads\/2024\/12\/meuble.jpeg","contentUrl":"https:\/\/www.boisvermeil.com\/wp-content\/uploads\/2024\/12\/meuble.jpeg","width":600,"height":750,"caption":"Screenshot"},{"@type":"BreadcrumbList","@id":"https:\/\/www.boisvermeil.com\/index.php\/aerogommage\/#breadcrumb","itemListElement":[{"@type":"ListItem","position":1,"name":"Accueil","item":"https:\/\/www.boisvermeil.com\/"},{"@type":"ListItem","position":2,"name":"A\u00e9rogommage"}]},{"@type":"WebSite","@id":"https:\/\/www.boisvermeil.com\/#website","url":"https:\/\/www.boisvermeil.com\/","name":"BOIS VERMEIL","description":"art et mobilier Art et Mobilier","publisher":{"@id":"https:\/\/www.boisvermeil.com\/#organization"},"alternateName":"Bois Vermeil","potentialAction":[{"@type":"SearchAction","target":{"@type":"EntryPoint","urlTemplate":"https:\/\/www.boisvermeil.com\/?s={search_term_string}"},"query-input":{"@type":"PropertyValueSpecification","valueRequired":true,"valueName":"search_term_string"}}],"inLanguage":"fr-FR"},{"@type":"Organization","@id":"https:\/\/www.boisvermeil.com\/#organization","name":"BOIS VERMEIL","alternateName":"Bois Vermeil - Art et Mobilier","url":"https:\/\/www.boisvermeil.com\/","logo":{"@type":"ImageObject","inLanguage":"fr-FR","@id":"https:\/\/www.boisvermeil.com\/#\/schema\/logo\/image\/","url":"https:\/\/www.boisvermeil.com\/wp-content\/uploads\/2024\/12\/cropped-Logo-Fond-fonce.png","contentUrl":"https:\/\/www.boisvermeil.com\/wp-content\/uploads\/2024\/12\/cropped-Logo-Fond-fonce.png","width":512,"height":512,"caption":"BOIS VERMEIL"},"image":{"@id":"https:\/\/www.boisvermeil.com\/#\/schema\/logo\/image\/"}}]}},"jetpack_sharing_enabled":true,"_links":{"self":[{"href":"https:\/\/www.boisvermeil.com\/index.php\/wp-json\/wp\/v2\/pages\/135","targetHints":{"allow":["GET"]}}],"collection":[{"href":"https:\/\/www.boisvermeil.com\/index.php\/wp-json\/wp\/v2\/pages"}],"about":[{"href":"https:\/\/www.boisvermeil.com\/index.php\/wp-json\/wp\/v2\/types\/page"}],"author":[{"embeddable":true,"href":"https:\/\/www.boisvermeil.com\/index.php\/wp-json\/wp\/v2\/users\/1"}],"replies":[{"embeddable":true,"href":"https:\/\/www.boisvermeil.com\/index.php\/wp-json\/wp\/v2\/comments?post=135"}],"version-history":[{"count":9,"href":"https:\/\/www.boisvermeil.com\/index.php\/wp-json\/wp\/v2\/pages\/135\/revisions"}],"predecessor-version":[{"id":300,"href":"https:\/\/www.boisvermeil.com\/index.php\/wp-json\/wp\/v2\/pages\/135\/revisions\/300"}],"wp:attachment":[{"href":"https:\/\/www.boisvermeil.com\/index.php\/wp-json\/wp\/v2\/media?parent=135"}],"curies":[{"name":"wp","href":"https:\/\/api.w.org\/{rel}","templated":true}]}}