{"id":823,"date":"2026-04-06T18:19:59","date_gmt":"2026-04-06T16:19:59","guid":{"rendered":"https:\/\/www.boisvermeil.com\/?post_type=product&#038;p=823"},"modified":"2026-04-14T15:54:30","modified_gmt":"2026-04-14T13:54:30","slug":"table-basse-scandinave-annees-60-70-en-acajou-et-hetre","status":"publish","type":"product","link":"https:\/\/www.boisvermeil.com\/index.php\/produit\/table-basse-scandinave-annees-60-70-en-acajou-et-hetre\/","title":{"rendered":"Table basse scandinave ann\u00e9es 60\/70 en acajou et h\u00eatre"},"content":{"rendered":"<p>Magnifique table basse vintage en bois, enti\u00e8rement r\u00e9nov\u00e9e, en tr\u00e8s bon \u00e9tat g\u00e9n\u00e9ral.<\/p>\n<p>Meuble \u00e9l\u00e9gant et intemporel, id\u00e9al pour apporter une touche chaleureuse et authentique \u00e0 un salon, dans un int\u00e9rieur vintage, scandinave ou contemporain.<\/p>\n<p>Le plateau est en acajou, finition vernis mat, le pi\u00e8tement est en h\u00eatre finition vernis teint\u00e9 acajou mat.<\/p>\n<p>Points forts :<\/p>\n<p>\u2022 Design vintage ann\u00e9es 60-70, lignes sobres et \u00e9l\u00e9gantes<\/p>\n<p>\u2022 Bois enti\u00e8rement r\u00e9nov\u00e9, belle teinte chaude<\/p>\n<p>\u2022 Format long et \u00e9troit, pratique et esth\u00e9tique<\/p>\n<p>\u2022 Structure solide et stable<\/p>\n<p>Dimensions :<\/p>\n<p>Longueur : 122 cm<\/p>\n<p>Largeur : 43 cm<\/p>\n<p>Hauteur : 45,5 cm<\/p>\n<p>Prix : 320\u20ac<\/p>\n","protected":false},"excerpt":{"rendered":"<p>Magnifique table basse vintage en bois, enti\u00e8rement r\u00e9nov\u00e9e, en tr\u00e8s bon \u00e9tat g\u00e9n\u00e9ral. Meuble \u00e9l\u00e9gant et intemporel, id\u00e9al pour apporter une touche chaleureuse et authentique \u00e0 un salon, dans un int\u00e9rieur vintage, scandinave ou contemporain. Le plateau est en acajou, finition vernis mat, le pi\u00e8tement est en h\u00eatre finition vernis teint\u00e9 acajou mat. Points forts&#8230;<\/p>\n","protected":false},"featured_media":825,"template":"","meta":[],"product_brand":[],"product_cat":[20],"product_tag":[],"class_list":{"0":"post-823","1":"product","2":"type-product","3":"status-publish","4":"has-post-thumbnail","6":"product_cat-meubles-renoves","8":"first","9":"instock","10":"shipping-taxable","11":"purchasable","12":"product-type-simple"},"yoast_head":"<!-- This site is optimized with the Yoast SEO plugin v24.8.1 - https:\/\/yoast.com\/wordpress\/plugins\/seo\/ -->\n<title>Table basse scandinave ann\u00e9es 60\/70 en acajou et h\u00eatre - BOIS VERMEIL<\/title>\n<meta name=\"description\" content=\"cr\u00e9ation mobilier, relookage meuble, a\u00e9rogommage,\" \/>\n<meta name=\"robots\" content=\"index, follow, max-snippet:-1, max-image-preview:large, max-video-preview:-1\" \/>\n<link rel=\"canonical\" href=\"https:\/\/www.boisvermeil.com\/index.php\/produit\/table-basse-scandinave-annees-60-70-en-acajou-et-hetre\/\" \/>\n<meta property=\"og:locale\" content=\"fr_FR\" \/>\n<meta property=\"og:type\" content=\"article\" \/>\n<meta property=\"og:title\" content=\"Table basse scandinave ann\u00e9es 60\/70 en acajou et h\u00eatre - BOIS VERMEIL\" \/>\n<meta property=\"og:description\" content=\"cr\u00e9ation mobilier, relookage meuble, a\u00e9rogommage,\" \/>\n<meta property=\"og:url\" content=\"https:\/\/www.boisvermeil.com\/index.php\/produit\/table-basse-scandinave-annees-60-70-en-acajou-et-hetre\/\" \/>\n<meta property=\"og:site_name\" content=\"BOIS VERMEIL\" \/>\n<meta property=\"article:modified_time\" content=\"2026-04-14T13:54:30+00:00\" \/>\n<meta property=\"og:image\" content=\"https:\/\/www.boisvermeil.com\/wp-content\/uploads\/2026\/04\/A586B791-653F-4B43-8013-5AF006F82C56-683x1024.png\" \/>\n\t<meta property=\"og:image:width\" content=\"683\" \/>\n\t<meta property=\"og:image:height\" content=\"1024\" \/>\n\t<meta property=\"og:image:type\" content=\"image\/png\" \/>\n<meta name=\"twitter:card\" content=\"summary_large_image\" \/>\n<meta name=\"twitter:label1\" content=\"Dur\u00e9e de lecture estim\u00e9e\" \/>\n\t<meta name=\"twitter:data1\" content=\"1 minute\" \/>\n<script type=\"application\/ld+json\" class=\"yoast-schema-graph\">{\"@context\":\"https:\/\/schema.org\",\"@graph\":[{\"@type\":\"WebPage\",\"@id\":\"https:\/\/www.boisvermeil.com\/index.php\/produit\/table-basse-scandinave-annees-60-70-en-acajou-et-hetre\/\",\"url\":\"https:\/\/www.boisvermeil.com\/index.php\/produit\/table-basse-scandinave-annees-60-70-en-acajou-et-hetre\/\",\"name\":\"Table basse scandinave ann\u00e9es 60\/70 en acajou et h\u00eatre - BOIS VERMEIL\",\"isPartOf\":{\"@id\":\"https:\/\/www.boisvermeil.com\/#website\"},\"primaryImageOfPage\":{\"@id\":\"https:\/\/www.boisvermeil.com\/index.php\/produit\/table-basse-scandinave-annees-60-70-en-acajou-et-hetre\/#primaryimage\"},\"image\":{\"@id\":\"https:\/\/www.boisvermeil.com\/index.php\/produit\/table-basse-scandinave-annees-60-70-en-acajou-et-hetre\/#primaryimage\"},\"thumbnailUrl\":\"https:\/\/www.boisvermeil.com\/wp-content\/uploads\/2026\/04\/A586B791-653F-4B43-8013-5AF006F82C56.png\",\"datePublished\":\"2026-04-06T16:19:59+00:00\",\"dateModified\":\"2026-04-14T13:54:30+00:00\",\"description\":\"cr\u00e9ation mobilier, relookage meuble, a\u00e9rogommage,\",\"breadcrumb\":{\"@id\":\"https:\/\/www.boisvermeil.com\/index.php\/produit\/table-basse-scandinave-annees-60-70-en-acajou-et-hetre\/#breadcrumb\"},\"inLanguage\":\"fr-FR\",\"potentialAction\":[{\"@type\":\"ReadAction\",\"target\":[\"https:\/\/www.boisvermeil.com\/index.php\/produit\/table-basse-scandinave-annees-60-70-en-acajou-et-hetre\/\"]}]},{\"@type\":\"ImageObject\",\"inLanguage\":\"fr-FR\",\"@id\":\"https:\/\/www.boisvermeil.com\/index.php\/produit\/table-basse-scandinave-annees-60-70-en-acajou-et-hetre\/#primaryimage\",\"url\":\"https:\/\/www.boisvermeil.com\/wp-content\/uploads\/2026\/04\/A586B791-653F-4B43-8013-5AF006F82C56.png\",\"contentUrl\":\"https:\/\/www.boisvermeil.com\/wp-content\/uploads\/2026\/04\/A586B791-653F-4B43-8013-5AF006F82C56.png\",\"width\":1024,\"height\":1536},{\"@type\":\"BreadcrumbList\",\"@id\":\"https:\/\/www.boisvermeil.com\/index.php\/produit\/table-basse-scandinave-annees-60-70-en-acajou-et-hetre\/#breadcrumb\",\"itemListElement\":[{\"@type\":\"ListItem\",\"position\":1,\"name\":\"Accueil\",\"item\":\"https:\/\/www.boisvermeil.com\/\"},{\"@type\":\"ListItem\",\"position\":2,\"name\":\"Table basse scandinave ann\u00e9es 60\/70 en acajou et h\u00eatre\"}]},{\"@type\":\"WebSite\",\"@id\":\"https:\/\/www.boisvermeil.com\/#website\",\"url\":\"https:\/\/www.boisvermeil.com\/\",\"name\":\"BOIS VERMEIL\",\"description\":\"art et mobilier Art et Mobilier\",\"publisher\":{\"@id\":\"https:\/\/www.boisvermeil.com\/#organization\"},\"alternateName\":\"Bois Vermeil\",\"potentialAction\":[{\"@type\":\"SearchAction\",\"target\":{\"@type\":\"EntryPoint\",\"urlTemplate\":\"https:\/\/www.boisvermeil.com\/?s={search_term_string}\"},\"query-input\":{\"@type\":\"PropertyValueSpecification\",\"valueRequired\":true,\"valueName\":\"search_term_string\"}}],\"inLanguage\":\"fr-FR\"},{\"@type\":\"Organization\",\"@id\":\"https:\/\/www.boisvermeil.com\/#organization\",\"name\":\"BOIS VERMEIL\",\"alternateName\":\"Bois Vermeil - Art et Mobilier\",\"url\":\"https:\/\/www.boisvermeil.com\/\",\"logo\":{\"@type\":\"ImageObject\",\"inLanguage\":\"fr-FR\",\"@id\":\"https:\/\/www.boisvermeil.com\/#\/schema\/logo\/image\/\",\"url\":\"https:\/\/www.boisvermeil.com\/wp-content\/uploads\/2024\/12\/cropped-Logo-Fond-fonce.png\",\"contentUrl\":\"https:\/\/www.boisvermeil.com\/wp-content\/uploads\/2024\/12\/cropped-Logo-Fond-fonce.png\",\"width\":512,\"height\":512,\"caption\":\"BOIS VERMEIL\"},\"image\":{\"@id\":\"https:\/\/www.boisvermeil.com\/#\/schema\/logo\/image\/\"}}]}<\/script>\n<!-- \/ Yoast SEO plugin. -->","yoast_head_json":{"title":"Table basse scandinave ann\u00e9es 60\/70 en acajou et h\u00eatre - BOIS VERMEIL","description":"cr\u00e9ation mobilier, relookage meuble, a\u00e9rogommage,","robots":{"index":"index","follow":"follow","max-snippet":"max-snippet:-1","max-image-preview":"max-image-preview:large","max-video-preview":"max-video-preview:-1"},"canonical":"https:\/\/www.boisvermeil.com\/index.php\/produit\/table-basse-scandinave-annees-60-70-en-acajou-et-hetre\/","og_locale":"fr_FR","og_type":"article","og_title":"Table basse scandinave ann\u00e9es 60\/70 en acajou et h\u00eatre - BOIS VERMEIL","og_description":"cr\u00e9ation mobilier, relookage meuble, a\u00e9rogommage,","og_url":"https:\/\/www.boisvermeil.com\/index.php\/produit\/table-basse-scandinave-annees-60-70-en-acajou-et-hetre\/","og_site_name":"BOIS VERMEIL","article_modified_time":"2026-04-14T13:54:30+00:00","og_image":[{"width":683,"height":1024,"url":"https:\/\/www.boisvermeil.com\/wp-content\/uploads\/2026\/04\/A586B791-653F-4B43-8013-5AF006F82C56-683x1024.png","type":"image\/png"}],"twitter_card":"summary_large_image","twitter_misc":{"Dur\u00e9e de lecture estim\u00e9e":"1 minute"},"schema":{"@context":"https:\/\/schema.org","@graph":[{"@type":"WebPage","@id":"https:\/\/www.boisvermeil.com\/index.php\/produit\/table-basse-scandinave-annees-60-70-en-acajou-et-hetre\/","url":"https:\/\/www.boisvermeil.com\/index.php\/produit\/table-basse-scandinave-annees-60-70-en-acajou-et-hetre\/","name":"Table basse scandinave ann\u00e9es 60\/70 en acajou et h\u00eatre - BOIS VERMEIL","isPartOf":{"@id":"https:\/\/www.boisvermeil.com\/#website"},"primaryImageOfPage":{"@id":"https:\/\/www.boisvermeil.com\/index.php\/produit\/table-basse-scandinave-annees-60-70-en-acajou-et-hetre\/#primaryimage"},"image":{"@id":"https:\/\/www.boisvermeil.com\/index.php\/produit\/table-basse-scandinave-annees-60-70-en-acajou-et-hetre\/#primaryimage"},"thumbnailUrl":"https:\/\/www.boisvermeil.com\/wp-content\/uploads\/2026\/04\/A586B791-653F-4B43-8013-5AF006F82C56.png","datePublished":"2026-04-06T16:19:59+00:00","dateModified":"2026-04-14T13:54:30+00:00","description":"cr\u00e9ation mobilier, relookage meuble, a\u00e9rogommage,","breadcrumb":{"@id":"https:\/\/www.boisvermeil.com\/index.php\/produit\/table-basse-scandinave-annees-60-70-en-acajou-et-hetre\/#breadcrumb"},"inLanguage":"fr-FR","potentialAction":[{"@type":"ReadAction","target":["https:\/\/www.boisvermeil.com\/index.php\/produit\/table-basse-scandinave-annees-60-70-en-acajou-et-hetre\/"]}]},{"@type":"ImageObject","inLanguage":"fr-FR","@id":"https:\/\/www.boisvermeil.com\/index.php\/produit\/table-basse-scandinave-annees-60-70-en-acajou-et-hetre\/#primaryimage","url":"https:\/\/www.boisvermeil.com\/wp-content\/uploads\/2026\/04\/A586B791-653F-4B43-8013-5AF006F82C56.png","contentUrl":"https:\/\/www.boisvermeil.com\/wp-content\/uploads\/2026\/04\/A586B791-653F-4B43-8013-5AF006F82C56.png","width":1024,"height":1536},{"@type":"BreadcrumbList","@id":"https:\/\/www.boisvermeil.com\/index.php\/produit\/table-basse-scandinave-annees-60-70-en-acajou-et-hetre\/#breadcrumb","itemListElement":[{"@type":"ListItem","position":1,"name":"Accueil","item":"https:\/\/www.boisvermeil.com\/"},{"@type":"ListItem","position":2,"name":"Table basse scandinave ann\u00e9es 60\/70 en acajou et h\u00eatre"}]},{"@type":"WebSite","@id":"https:\/\/www.boisvermeil.com\/#website","url":"https:\/\/www.boisvermeil.com\/","name":"BOIS VERMEIL","description":"art et mobilier Art et Mobilier","publisher":{"@id":"https:\/\/www.boisvermeil.com\/#organization"},"alternateName":"Bois Vermeil","potentialAction":[{"@type":"SearchAction","target":{"@type":"EntryPoint","urlTemplate":"https:\/\/www.boisvermeil.com\/?s={search_term_string}"},"query-input":{"@type":"PropertyValueSpecification","valueRequired":true,"valueName":"search_term_string"}}],"inLanguage":"fr-FR"},{"@type":"Organization","@id":"https:\/\/www.boisvermeil.com\/#organization","name":"BOIS VERMEIL","alternateName":"Bois Vermeil - Art et Mobilier","url":"https:\/\/www.boisvermeil.com\/","logo":{"@type":"ImageObject","inLanguage":"fr-FR","@id":"https:\/\/www.boisvermeil.com\/#\/schema\/logo\/image\/","url":"https:\/\/www.boisvermeil.com\/wp-content\/uploads\/2024\/12\/cropped-Logo-Fond-fonce.png","contentUrl":"https:\/\/www.boisvermeil.com\/wp-content\/uploads\/2024\/12\/cropped-Logo-Fond-fonce.png","width":512,"height":512,"caption":"BOIS VERMEIL"},"image":{"@id":"https:\/\/www.boisvermeil.com\/#\/schema\/logo\/image\/"}}]}},"jetpack_sharing_enabled":true,"_links":{"self":[{"href":"https:\/\/www.boisvermeil.com\/index.php\/wp-json\/wp\/v2\/product\/823","targetHints":{"allow":["GET"]}}],"collection":[{"href":"https:\/\/www.boisvermeil.com\/index.php\/wp-json\/wp\/v2\/product"}],"about":[{"href":"https:\/\/www.boisvermeil.com\/index.php\/wp-json\/wp\/v2\/types\/product"}],"wp:featuredmedia":[{"embeddable":true,"href":"https:\/\/www.boisvermeil.com\/index.php\/wp-json\/wp\/v2\/media\/825"}],"wp:attachment":[{"href":"https:\/\/www.boisvermeil.com\/index.php\/wp-json\/wp\/v2\/media?parent=823"}],"wp:term":[{"taxonomy":"product_brand","embeddable":true,"href":"https:\/\/www.boisvermeil.com\/index.php\/wp-json\/wp\/v2\/product_brand?post=823"},{"taxonomy":"product_cat","embeddable":true,"href":"https:\/\/www.boisvermeil.com\/index.php\/wp-json\/wp\/v2\/product_cat?post=823"},{"taxonomy":"product_tag","embeddable":true,"href":"https:\/\/www.boisvermeil.com\/index.php\/wp-json\/wp\/v2\/product_tag?post=823"}],"curies":[{"name":"wp","href":"https:\/\/api.w.org\/{rel}","templated":true}]}}