{"id":831,"date":"2026-04-06T18:34:09","date_gmt":"2026-04-06T16:34:09","guid":{"rendered":"https:\/\/www.boisvermeil.com\/?post_type=product&#038;p=831"},"modified":"2026-04-14T16:27:33","modified_gmt":"2026-04-14T14:27:33","slug":"lot-de-6-chaises-annees-30-en-chene-massif-aerogommees","status":"publish","type":"product","link":"https:\/\/www.boisvermeil.com\/index.php\/produit\/lot-de-6-chaises-annees-30-en-chene-massif-aerogommees\/","title":{"rendered":"Lot de 6 chaises ann\u00e9es 30 en ch\u00eane massif"},"content":{"rendered":"<p>Lot de 6 chaises anciennes ann\u00e9es 30 en ch\u00eane massif, avec dossiers joliment sculpt\u00e9s.<\/p>\n<p>Ensemble en tr\u00e8s bon \u00e9tat, pr\u00eat \u00e0 \u00eatre install\u00e9.<\/p>\n<p>Composition du lot :<\/p>\n<p>\u2022 5 chaises avec assise ocre<\/p>\n<p>\u2022 1 chaise avec assise noire<\/p>\n<p>Points forts :<\/p>\n<p>\u2022 Ch\u00eane massif, chaises solides et durables<\/p>\n<p>\u2022 Style ann\u00e9es 30, intemporel<\/p>\n<p>\u2022 Dossiers sculpt\u00e9s<\/p>\n<p>\u2022 Assises tissu clout\u00e9<\/p>\n<p>\u2022 Tr\u00e8s bon \u00e9tat g\u00e9n\u00e9ral<\/p>\n<p>Prix : 210 \u20ac le lot (soit 35 \u20ac la chaise)<\/p>\n","protected":false},"excerpt":{"rendered":"<p>Lot de 6 chaises anciennes ann\u00e9es 30 en ch\u00eane massif, avec dossiers joliment sculpt\u00e9s. Ensemble en tr\u00e8s bon \u00e9tat, pr\u00eat \u00e0 \u00eatre install\u00e9. Composition du lot : \u2022 5 chaises avec assise ocre \u2022 1 chaise avec assise noire Points forts : \u2022 Ch\u00eane massif, chaises solides et durables \u2022 Style ann\u00e9es 30, intemporel \u2022&#8230;<\/p>\n","protected":false},"featured_media":865,"template":"","meta":[],"product_brand":[],"product_cat":[27],"product_tag":[],"class_list":{"0":"post-831","1":"product","2":"type-product","3":"status-publish","4":"has-post-thumbnail","6":"product_cat-meubles-aerogommes","8":"first","9":"instock","10":"shipping-taxable","11":"purchasable","12":"product-type-simple"},"yoast_head":"<!-- This site is optimized with the Yoast SEO plugin v24.8.1 - https:\/\/yoast.com\/wordpress\/plugins\/seo\/ -->\n<title>Lot de 6 chaises ann\u00e9es 30 en ch\u00eane massif - BOIS VERMEIL<\/title>\n<meta name=\"description\" content=\"cr\u00e9ation mobilier, relookage meuble, a\u00e9rogommage,\" \/>\n<meta name=\"robots\" content=\"index, follow, max-snippet:-1, max-image-preview:large, max-video-preview:-1\" \/>\n<link rel=\"canonical\" href=\"https:\/\/www.boisvermeil.com\/index.php\/produit\/lot-de-6-chaises-annees-30-en-chene-massif-aerogommees\/\" \/>\n<meta property=\"og:locale\" content=\"fr_FR\" \/>\n<meta property=\"og:type\" content=\"article\" \/>\n<meta property=\"og:title\" content=\"Lot de 6 chaises ann\u00e9es 30 en ch\u00eane massif - BOIS VERMEIL\" \/>\n<meta property=\"og:description\" content=\"cr\u00e9ation mobilier, relookage meuble, a\u00e9rogommage,\" \/>\n<meta property=\"og:url\" content=\"https:\/\/www.boisvermeil.com\/index.php\/produit\/lot-de-6-chaises-annees-30-en-chene-massif-aerogommees\/\" \/>\n<meta property=\"og:site_name\" content=\"BOIS VERMEIL\" \/>\n<meta property=\"article:modified_time\" content=\"2026-04-14T14:27:33+00:00\" \/>\n<meta property=\"og:image\" content=\"https:\/\/www.boisvermeil.com\/wp-content\/uploads\/2026\/04\/IMG_7766-765x1024.png\" \/>\n\t<meta property=\"og:image:width\" content=\"765\" \/>\n\t<meta property=\"og:image:height\" content=\"1024\" \/>\n\t<meta property=\"og:image:type\" content=\"image\/png\" \/>\n<meta name=\"twitter:card\" content=\"summary_large_image\" \/>\n<meta name=\"twitter:label1\" content=\"Dur\u00e9e de lecture estim\u00e9e\" \/>\n\t<meta name=\"twitter:data1\" content=\"1 minute\" \/>\n<script type=\"application\/ld+json\" class=\"yoast-schema-graph\">{\"@context\":\"https:\/\/schema.org\",\"@graph\":[{\"@type\":\"WebPage\",\"@id\":\"https:\/\/www.boisvermeil.com\/index.php\/produit\/lot-de-6-chaises-annees-30-en-chene-massif-aerogommees\/\",\"url\":\"https:\/\/www.boisvermeil.com\/index.php\/produit\/lot-de-6-chaises-annees-30-en-chene-massif-aerogommees\/\",\"name\":\"Lot de 6 chaises ann\u00e9es 30 en ch\u00eane massif - BOIS VERMEIL\",\"isPartOf\":{\"@id\":\"https:\/\/www.boisvermeil.com\/#website\"},\"primaryImageOfPage\":{\"@id\":\"https:\/\/www.boisvermeil.com\/index.php\/produit\/lot-de-6-chaises-annees-30-en-chene-massif-aerogommees\/#primaryimage\"},\"image\":{\"@id\":\"https:\/\/www.boisvermeil.com\/index.php\/produit\/lot-de-6-chaises-annees-30-en-chene-massif-aerogommees\/#primaryimage\"},\"thumbnailUrl\":\"https:\/\/www.boisvermeil.com\/wp-content\/uploads\/2026\/04\/IMG_7766.png\",\"datePublished\":\"2026-04-06T16:34:09+00:00\",\"dateModified\":\"2026-04-14T14:27:33+00:00\",\"description\":\"cr\u00e9ation mobilier, relookage meuble, a\u00e9rogommage,\",\"breadcrumb\":{\"@id\":\"https:\/\/www.boisvermeil.com\/index.php\/produit\/lot-de-6-chaises-annees-30-en-chene-massif-aerogommees\/#breadcrumb\"},\"inLanguage\":\"fr-FR\",\"potentialAction\":[{\"@type\":\"ReadAction\",\"target\":[\"https:\/\/www.boisvermeil.com\/index.php\/produit\/lot-de-6-chaises-annees-30-en-chene-massif-aerogommees\/\"]}]},{\"@type\":\"ImageObject\",\"inLanguage\":\"fr-FR\",\"@id\":\"https:\/\/www.boisvermeil.com\/index.php\/produit\/lot-de-6-chaises-annees-30-en-chene-massif-aerogommees\/#primaryimage\",\"url\":\"https:\/\/www.boisvermeil.com\/wp-content\/uploads\/2026\/04\/IMG_7766.png\",\"contentUrl\":\"https:\/\/www.boisvermeil.com\/wp-content\/uploads\/2026\/04\/IMG_7766.png\",\"width\":896,\"height\":1200},{\"@type\":\"BreadcrumbList\",\"@id\":\"https:\/\/www.boisvermeil.com\/index.php\/produit\/lot-de-6-chaises-annees-30-en-chene-massif-aerogommees\/#breadcrumb\",\"itemListElement\":[{\"@type\":\"ListItem\",\"position\":1,\"name\":\"Accueil\",\"item\":\"https:\/\/www.boisvermeil.com\/\"},{\"@type\":\"ListItem\",\"position\":2,\"name\":\"Lot de 6 chaises ann\u00e9es 30 en ch\u00eane massif\"}]},{\"@type\":\"WebSite\",\"@id\":\"https:\/\/www.boisvermeil.com\/#website\",\"url\":\"https:\/\/www.boisvermeil.com\/\",\"name\":\"BOIS VERMEIL\",\"description\":\"art et mobilier Art et Mobilier\",\"publisher\":{\"@id\":\"https:\/\/www.boisvermeil.com\/#organization\"},\"alternateName\":\"Bois Vermeil\",\"potentialAction\":[{\"@type\":\"SearchAction\",\"target\":{\"@type\":\"EntryPoint\",\"urlTemplate\":\"https:\/\/www.boisvermeil.com\/?s={search_term_string}\"},\"query-input\":{\"@type\":\"PropertyValueSpecification\",\"valueRequired\":true,\"valueName\":\"search_term_string\"}}],\"inLanguage\":\"fr-FR\"},{\"@type\":\"Organization\",\"@id\":\"https:\/\/www.boisvermeil.com\/#organization\",\"name\":\"BOIS VERMEIL\",\"alternateName\":\"Bois Vermeil - Art et Mobilier\",\"url\":\"https:\/\/www.boisvermeil.com\/\",\"logo\":{\"@type\":\"ImageObject\",\"inLanguage\":\"fr-FR\",\"@id\":\"https:\/\/www.boisvermeil.com\/#\/schema\/logo\/image\/\",\"url\":\"https:\/\/www.boisvermeil.com\/wp-content\/uploads\/2024\/12\/cropped-Logo-Fond-fonce.png\",\"contentUrl\":\"https:\/\/www.boisvermeil.com\/wp-content\/uploads\/2024\/12\/cropped-Logo-Fond-fonce.png\",\"width\":512,\"height\":512,\"caption\":\"BOIS VERMEIL\"},\"image\":{\"@id\":\"https:\/\/www.boisvermeil.com\/#\/schema\/logo\/image\/\"}}]}<\/script>\n<!-- \/ Yoast SEO plugin. -->","yoast_head_json":{"title":"Lot de 6 chaises ann\u00e9es 30 en ch\u00eane massif - BOIS VERMEIL","description":"cr\u00e9ation mobilier, relookage meuble, a\u00e9rogommage,","robots":{"index":"index","follow":"follow","max-snippet":"max-snippet:-1","max-image-preview":"max-image-preview:large","max-video-preview":"max-video-preview:-1"},"canonical":"https:\/\/www.boisvermeil.com\/index.php\/produit\/lot-de-6-chaises-annees-30-en-chene-massif-aerogommees\/","og_locale":"fr_FR","og_type":"article","og_title":"Lot de 6 chaises ann\u00e9es 30 en ch\u00eane massif - BOIS VERMEIL","og_description":"cr\u00e9ation mobilier, relookage meuble, a\u00e9rogommage,","og_url":"https:\/\/www.boisvermeil.com\/index.php\/produit\/lot-de-6-chaises-annees-30-en-chene-massif-aerogommees\/","og_site_name":"BOIS VERMEIL","article_modified_time":"2026-04-14T14:27:33+00:00","og_image":[{"width":765,"height":1024,"url":"https:\/\/www.boisvermeil.com\/wp-content\/uploads\/2026\/04\/IMG_7766-765x1024.png","type":"image\/png"}],"twitter_card":"summary_large_image","twitter_misc":{"Dur\u00e9e de lecture estim\u00e9e":"1 minute"},"schema":{"@context":"https:\/\/schema.org","@graph":[{"@type":"WebPage","@id":"https:\/\/www.boisvermeil.com\/index.php\/produit\/lot-de-6-chaises-annees-30-en-chene-massif-aerogommees\/","url":"https:\/\/www.boisvermeil.com\/index.php\/produit\/lot-de-6-chaises-annees-30-en-chene-massif-aerogommees\/","name":"Lot de 6 chaises ann\u00e9es 30 en ch\u00eane massif - BOIS VERMEIL","isPartOf":{"@id":"https:\/\/www.boisvermeil.com\/#website"},"primaryImageOfPage":{"@id":"https:\/\/www.boisvermeil.com\/index.php\/produit\/lot-de-6-chaises-annees-30-en-chene-massif-aerogommees\/#primaryimage"},"image":{"@id":"https:\/\/www.boisvermeil.com\/index.php\/produit\/lot-de-6-chaises-annees-30-en-chene-massif-aerogommees\/#primaryimage"},"thumbnailUrl":"https:\/\/www.boisvermeil.com\/wp-content\/uploads\/2026\/04\/IMG_7766.png","datePublished":"2026-04-06T16:34:09+00:00","dateModified":"2026-04-14T14:27:33+00:00","description":"cr\u00e9ation mobilier, relookage meuble, a\u00e9rogommage,","breadcrumb":{"@id":"https:\/\/www.boisvermeil.com\/index.php\/produit\/lot-de-6-chaises-annees-30-en-chene-massif-aerogommees\/#breadcrumb"},"inLanguage":"fr-FR","potentialAction":[{"@type":"ReadAction","target":["https:\/\/www.boisvermeil.com\/index.php\/produit\/lot-de-6-chaises-annees-30-en-chene-massif-aerogommees\/"]}]},{"@type":"ImageObject","inLanguage":"fr-FR","@id":"https:\/\/www.boisvermeil.com\/index.php\/produit\/lot-de-6-chaises-annees-30-en-chene-massif-aerogommees\/#primaryimage","url":"https:\/\/www.boisvermeil.com\/wp-content\/uploads\/2026\/04\/IMG_7766.png","contentUrl":"https:\/\/www.boisvermeil.com\/wp-content\/uploads\/2026\/04\/IMG_7766.png","width":896,"height":1200},{"@type":"BreadcrumbList","@id":"https:\/\/www.boisvermeil.com\/index.php\/produit\/lot-de-6-chaises-annees-30-en-chene-massif-aerogommees\/#breadcrumb","itemListElement":[{"@type":"ListItem","position":1,"name":"Accueil","item":"https:\/\/www.boisvermeil.com\/"},{"@type":"ListItem","position":2,"name":"Lot de 6 chaises ann\u00e9es 30 en ch\u00eane massif"}]},{"@type":"WebSite","@id":"https:\/\/www.boisvermeil.com\/#website","url":"https:\/\/www.boisvermeil.com\/","name":"BOIS VERMEIL","description":"art et mobilier Art et Mobilier","publisher":{"@id":"https:\/\/www.boisvermeil.com\/#organization"},"alternateName":"Bois Vermeil","potentialAction":[{"@type":"SearchAction","target":{"@type":"EntryPoint","urlTemplate":"https:\/\/www.boisvermeil.com\/?s={search_term_string}"},"query-input":{"@type":"PropertyValueSpecification","valueRequired":true,"valueName":"search_term_string"}}],"inLanguage":"fr-FR"},{"@type":"Organization","@id":"https:\/\/www.boisvermeil.com\/#organization","name":"BOIS VERMEIL","alternateName":"Bois Vermeil - Art et Mobilier","url":"https:\/\/www.boisvermeil.com\/","logo":{"@type":"ImageObject","inLanguage":"fr-FR","@id":"https:\/\/www.boisvermeil.com\/#\/schema\/logo\/image\/","url":"https:\/\/www.boisvermeil.com\/wp-content\/uploads\/2024\/12\/cropped-Logo-Fond-fonce.png","contentUrl":"https:\/\/www.boisvermeil.com\/wp-content\/uploads\/2024\/12\/cropped-Logo-Fond-fonce.png","width":512,"height":512,"caption":"BOIS VERMEIL"},"image":{"@id":"https:\/\/www.boisvermeil.com\/#\/schema\/logo\/image\/"}}]}},"jetpack_sharing_enabled":true,"_links":{"self":[{"href":"https:\/\/www.boisvermeil.com\/index.php\/wp-json\/wp\/v2\/product\/831","targetHints":{"allow":["GET"]}}],"collection":[{"href":"https:\/\/www.boisvermeil.com\/index.php\/wp-json\/wp\/v2\/product"}],"about":[{"href":"https:\/\/www.boisvermeil.com\/index.php\/wp-json\/wp\/v2\/types\/product"}],"wp:featuredmedia":[{"embeddable":true,"href":"https:\/\/www.boisvermeil.com\/index.php\/wp-json\/wp\/v2\/media\/865"}],"wp:attachment":[{"href":"https:\/\/www.boisvermeil.com\/index.php\/wp-json\/wp\/v2\/media?parent=831"}],"wp:term":[{"taxonomy":"product_brand","embeddable":true,"href":"https:\/\/www.boisvermeil.com\/index.php\/wp-json\/wp\/v2\/product_brand?post=831"},{"taxonomy":"product_cat","embeddable":true,"href":"https:\/\/www.boisvermeil.com\/index.php\/wp-json\/wp\/v2\/product_cat?post=831"},{"taxonomy":"product_tag","embeddable":true,"href":"https:\/\/www.boisvermeil.com\/index.php\/wp-json\/wp\/v2\/product_tag?post=831"}],"curies":[{"name":"wp","href":"https:\/\/api.w.org\/{rel}","templated":true}]}}