{"id":850,"date":"2026-04-14T16:05:03","date_gmt":"2026-04-14T14:05:03","guid":{"rendered":"https:\/\/www.boisvermeil.com\/?post_type=product&#038;p=850"},"modified":"2026-04-14T16:05:03","modified_gmt":"2026-04-14T14:05:03","slug":"meuble-de-metier-ancien-en-chene-rouge-massif","status":"publish","type":"product","link":"https:\/\/www.boisvermeil.com\/index.php\/produit\/meuble-de-metier-ancien-en-chene-rouge-massif\/","title":{"rendered":"Meuble de m\u00e9tier ancien en ch\u00eane rouge massif"},"content":{"rendered":"<p>Sublime meuble de m\u00e9tier ancien en ch\u00eane rouge massif, probablement issu d\u2019un ancien bureau administratif ou d\u2019une banque.<\/p>\n<p>En tr\u00e8s bon \u00e9tat g\u00e9n\u00e9ral, ce meuble allie authenticit\u00e9, robustesse et \u00e9l\u00e9gance.<\/p>\n<p>Pratique et esth\u00e9tique, il offre de beaux espaces de rangement avec une partie vitr\u00e9e id\u00e9ale pour exposer vos objets, ainsi qu\u2019un espace ferm\u00e9 et une niche ouverte.<\/p>\n<p>Points forts :<\/p>\n<p>\u2022 Ch\u00eane rouge massif<\/p>\n<p>\u2022 Meuble de m\u00e9tier ancien (rare)<\/p>\n<p>\u2022 Tr\u00e8s bon \u00e9tat g\u00e9n\u00e9ral<\/p>\n<p>\u2022 Solide et durable<\/p>\n<p>\u2022 Rangements vari\u00e9s (vitrine, placard, niche)<\/p>\n<p>\u2022 Id\u00e9al en meuble d\u2019appoint, biblioth\u00e8que ou rangement<\/p>\n<p>Dimensions :<\/p>\n<p>(\u00e0 venir)<\/p>\n<p>Prix : 650 \u20ac<\/p>\n","protected":false},"excerpt":{"rendered":"<p>Sublime meuble de m\u00e9tier ancien en ch\u00eane rouge massif, probablement issu d\u2019un ancien bureau administratif ou d\u2019une banque. En tr\u00e8s bon \u00e9tat g\u00e9n\u00e9ral, ce meuble allie authenticit\u00e9, robustesse et \u00e9l\u00e9gance. Pratique et esth\u00e9tique, il offre de beaux espaces de rangement avec une partie vitr\u00e9e id\u00e9ale pour exposer vos objets, ainsi qu\u2019un espace ferm\u00e9 et une&#8230;<\/p>\n","protected":false},"featured_media":851,"template":"","meta":[],"product_brand":[],"product_cat":[27],"product_tag":[],"class_list":{"0":"post-850","1":"product","2":"type-product","3":"status-publish","4":"has-post-thumbnail","6":"product_cat-meubles-aerogommes","8":"first","9":"instock","10":"shipping-taxable","11":"purchasable","12":"product-type-simple"},"yoast_head":"<!-- This site is optimized with the Yoast SEO plugin v24.8.1 - https:\/\/yoast.com\/wordpress\/plugins\/seo\/ -->\n<title>Meuble de m\u00e9tier ancien en ch\u00eane rouge massif - BOIS VERMEIL<\/title>\n<meta name=\"description\" content=\"cr\u00e9ation mobilier, relookage meuble, a\u00e9rogommage,\" \/>\n<meta name=\"robots\" content=\"index, follow, max-snippet:-1, max-image-preview:large, max-video-preview:-1\" \/>\n<link rel=\"canonical\" href=\"https:\/\/www.boisvermeil.com\/index.php\/produit\/meuble-de-metier-ancien-en-chene-rouge-massif\/\" \/>\n<meta property=\"og:locale\" content=\"fr_FR\" \/>\n<meta property=\"og:type\" content=\"article\" \/>\n<meta property=\"og:title\" content=\"Meuble de m\u00e9tier ancien en ch\u00eane rouge massif - BOIS VERMEIL\" \/>\n<meta property=\"og:description\" content=\"cr\u00e9ation mobilier, relookage meuble, a\u00e9rogommage,\" \/>\n<meta property=\"og:url\" content=\"https:\/\/www.boisvermeil.com\/index.php\/produit\/meuble-de-metier-ancien-en-chene-rouge-massif\/\" \/>\n<meta property=\"og:site_name\" content=\"BOIS VERMEIL\" \/>\n<meta property=\"og:image\" content=\"https:\/\/www.boisvermeil.com\/wp-content\/uploads\/2026\/04\/IMG_5518-765x1024.png\" \/>\n\t<meta property=\"og:image:width\" content=\"765\" \/>\n\t<meta property=\"og:image:height\" content=\"1024\" \/>\n\t<meta property=\"og:image:type\" content=\"image\/png\" \/>\n<meta name=\"twitter:card\" content=\"summary_large_image\" \/>\n<meta name=\"twitter:label1\" content=\"Dur\u00e9e de lecture estim\u00e9e\" \/>\n\t<meta name=\"twitter:data1\" content=\"1 minute\" \/>\n<script type=\"application\/ld+json\" class=\"yoast-schema-graph\">{\"@context\":\"https:\/\/schema.org\",\"@graph\":[{\"@type\":\"WebPage\",\"@id\":\"https:\/\/www.boisvermeil.com\/index.php\/produit\/meuble-de-metier-ancien-en-chene-rouge-massif\/\",\"url\":\"https:\/\/www.boisvermeil.com\/index.php\/produit\/meuble-de-metier-ancien-en-chene-rouge-massif\/\",\"name\":\"Meuble de m\u00e9tier ancien en ch\u00eane rouge massif - BOIS VERMEIL\",\"isPartOf\":{\"@id\":\"https:\/\/www.boisvermeil.com\/#website\"},\"primaryImageOfPage\":{\"@id\":\"https:\/\/www.boisvermeil.com\/index.php\/produit\/meuble-de-metier-ancien-en-chene-rouge-massif\/#primaryimage\"},\"image\":{\"@id\":\"https:\/\/www.boisvermeil.com\/index.php\/produit\/meuble-de-metier-ancien-en-chene-rouge-massif\/#primaryimage\"},\"thumbnailUrl\":\"https:\/\/www.boisvermeil.com\/wp-content\/uploads\/2026\/04\/IMG_5518.png\",\"datePublished\":\"2026-04-14T14:05:03+00:00\",\"description\":\"cr\u00e9ation mobilier, relookage meuble, a\u00e9rogommage,\",\"breadcrumb\":{\"@id\":\"https:\/\/www.boisvermeil.com\/index.php\/produit\/meuble-de-metier-ancien-en-chene-rouge-massif\/#breadcrumb\"},\"inLanguage\":\"fr-FR\",\"potentialAction\":[{\"@type\":\"ReadAction\",\"target\":[\"https:\/\/www.boisvermeil.com\/index.php\/produit\/meuble-de-metier-ancien-en-chene-rouge-massif\/\"]}]},{\"@type\":\"ImageObject\",\"inLanguage\":\"fr-FR\",\"@id\":\"https:\/\/www.boisvermeil.com\/index.php\/produit\/meuble-de-metier-ancien-en-chene-rouge-massif\/#primaryimage\",\"url\":\"https:\/\/www.boisvermeil.com\/wp-content\/uploads\/2026\/04\/IMG_5518.png\",\"contentUrl\":\"https:\/\/www.boisvermeil.com\/wp-content\/uploads\/2026\/04\/IMG_5518.png\",\"width\":896,\"height\":1200},{\"@type\":\"BreadcrumbList\",\"@id\":\"https:\/\/www.boisvermeil.com\/index.php\/produit\/meuble-de-metier-ancien-en-chene-rouge-massif\/#breadcrumb\",\"itemListElement\":[{\"@type\":\"ListItem\",\"position\":1,\"name\":\"Accueil\",\"item\":\"https:\/\/www.boisvermeil.com\/\"},{\"@type\":\"ListItem\",\"position\":2,\"name\":\"Meuble de m\u00e9tier ancien en ch\u00eane rouge massif\"}]},{\"@type\":\"WebSite\",\"@id\":\"https:\/\/www.boisvermeil.com\/#website\",\"url\":\"https:\/\/www.boisvermeil.com\/\",\"name\":\"BOIS VERMEIL\",\"description\":\"art et mobilier Art et Mobilier\",\"publisher\":{\"@id\":\"https:\/\/www.boisvermeil.com\/#organization\"},\"alternateName\":\"Bois Vermeil\",\"potentialAction\":[{\"@type\":\"SearchAction\",\"target\":{\"@type\":\"EntryPoint\",\"urlTemplate\":\"https:\/\/www.boisvermeil.com\/?s={search_term_string}\"},\"query-input\":{\"@type\":\"PropertyValueSpecification\",\"valueRequired\":true,\"valueName\":\"search_term_string\"}}],\"inLanguage\":\"fr-FR\"},{\"@type\":\"Organization\",\"@id\":\"https:\/\/www.boisvermeil.com\/#organization\",\"name\":\"BOIS VERMEIL\",\"alternateName\":\"Bois Vermeil - Art et Mobilier\",\"url\":\"https:\/\/www.boisvermeil.com\/\",\"logo\":{\"@type\":\"ImageObject\",\"inLanguage\":\"fr-FR\",\"@id\":\"https:\/\/www.boisvermeil.com\/#\/schema\/logo\/image\/\",\"url\":\"https:\/\/www.boisvermeil.com\/wp-content\/uploads\/2024\/12\/cropped-Logo-Fond-fonce.png\",\"contentUrl\":\"https:\/\/www.boisvermeil.com\/wp-content\/uploads\/2024\/12\/cropped-Logo-Fond-fonce.png\",\"width\":512,\"height\":512,\"caption\":\"BOIS VERMEIL\"},\"image\":{\"@id\":\"https:\/\/www.boisvermeil.com\/#\/schema\/logo\/image\/\"}}]}<\/script>\n<!-- \/ Yoast SEO plugin. -->","yoast_head_json":{"title":"Meuble de m\u00e9tier ancien en ch\u00eane rouge massif - BOIS VERMEIL","description":"cr\u00e9ation mobilier, relookage meuble, a\u00e9rogommage,","robots":{"index":"index","follow":"follow","max-snippet":"max-snippet:-1","max-image-preview":"max-image-preview:large","max-video-preview":"max-video-preview:-1"},"canonical":"https:\/\/www.boisvermeil.com\/index.php\/produit\/meuble-de-metier-ancien-en-chene-rouge-massif\/","og_locale":"fr_FR","og_type":"article","og_title":"Meuble de m\u00e9tier ancien en ch\u00eane rouge massif - BOIS VERMEIL","og_description":"cr\u00e9ation mobilier, relookage meuble, a\u00e9rogommage,","og_url":"https:\/\/www.boisvermeil.com\/index.php\/produit\/meuble-de-metier-ancien-en-chene-rouge-massif\/","og_site_name":"BOIS VERMEIL","og_image":[{"width":765,"height":1024,"url":"https:\/\/www.boisvermeil.com\/wp-content\/uploads\/2026\/04\/IMG_5518-765x1024.png","type":"image\/png"}],"twitter_card":"summary_large_image","twitter_misc":{"Dur\u00e9e de lecture estim\u00e9e":"1 minute"},"schema":{"@context":"https:\/\/schema.org","@graph":[{"@type":"WebPage","@id":"https:\/\/www.boisvermeil.com\/index.php\/produit\/meuble-de-metier-ancien-en-chene-rouge-massif\/","url":"https:\/\/www.boisvermeil.com\/index.php\/produit\/meuble-de-metier-ancien-en-chene-rouge-massif\/","name":"Meuble de m\u00e9tier ancien en ch\u00eane rouge massif - BOIS VERMEIL","isPartOf":{"@id":"https:\/\/www.boisvermeil.com\/#website"},"primaryImageOfPage":{"@id":"https:\/\/www.boisvermeil.com\/index.php\/produit\/meuble-de-metier-ancien-en-chene-rouge-massif\/#primaryimage"},"image":{"@id":"https:\/\/www.boisvermeil.com\/index.php\/produit\/meuble-de-metier-ancien-en-chene-rouge-massif\/#primaryimage"},"thumbnailUrl":"https:\/\/www.boisvermeil.com\/wp-content\/uploads\/2026\/04\/IMG_5518.png","datePublished":"2026-04-14T14:05:03+00:00","description":"cr\u00e9ation mobilier, relookage meuble, a\u00e9rogommage,","breadcrumb":{"@id":"https:\/\/www.boisvermeil.com\/index.php\/produit\/meuble-de-metier-ancien-en-chene-rouge-massif\/#breadcrumb"},"inLanguage":"fr-FR","potentialAction":[{"@type":"ReadAction","target":["https:\/\/www.boisvermeil.com\/index.php\/produit\/meuble-de-metier-ancien-en-chene-rouge-massif\/"]}]},{"@type":"ImageObject","inLanguage":"fr-FR","@id":"https:\/\/www.boisvermeil.com\/index.php\/produit\/meuble-de-metier-ancien-en-chene-rouge-massif\/#primaryimage","url":"https:\/\/www.boisvermeil.com\/wp-content\/uploads\/2026\/04\/IMG_5518.png","contentUrl":"https:\/\/www.boisvermeil.com\/wp-content\/uploads\/2026\/04\/IMG_5518.png","width":896,"height":1200},{"@type":"BreadcrumbList","@id":"https:\/\/www.boisvermeil.com\/index.php\/produit\/meuble-de-metier-ancien-en-chene-rouge-massif\/#breadcrumb","itemListElement":[{"@type":"ListItem","position":1,"name":"Accueil","item":"https:\/\/www.boisvermeil.com\/"},{"@type":"ListItem","position":2,"name":"Meuble de m\u00e9tier ancien en ch\u00eane rouge massif"}]},{"@type":"WebSite","@id":"https:\/\/www.boisvermeil.com\/#website","url":"https:\/\/www.boisvermeil.com\/","name":"BOIS VERMEIL","description":"art et mobilier Art et Mobilier","publisher":{"@id":"https:\/\/www.boisvermeil.com\/#organization"},"alternateName":"Bois Vermeil","potentialAction":[{"@type":"SearchAction","target":{"@type":"EntryPoint","urlTemplate":"https:\/\/www.boisvermeil.com\/?s={search_term_string}"},"query-input":{"@type":"PropertyValueSpecification","valueRequired":true,"valueName":"search_term_string"}}],"inLanguage":"fr-FR"},{"@type":"Organization","@id":"https:\/\/www.boisvermeil.com\/#organization","name":"BOIS VERMEIL","alternateName":"Bois Vermeil - Art et Mobilier","url":"https:\/\/www.boisvermeil.com\/","logo":{"@type":"ImageObject","inLanguage":"fr-FR","@id":"https:\/\/www.boisvermeil.com\/#\/schema\/logo\/image\/","url":"https:\/\/www.boisvermeil.com\/wp-content\/uploads\/2024\/12\/cropped-Logo-Fond-fonce.png","contentUrl":"https:\/\/www.boisvermeil.com\/wp-content\/uploads\/2024\/12\/cropped-Logo-Fond-fonce.png","width":512,"height":512,"caption":"BOIS VERMEIL"},"image":{"@id":"https:\/\/www.boisvermeil.com\/#\/schema\/logo\/image\/"}}]}},"jetpack_sharing_enabled":true,"_links":{"self":[{"href":"https:\/\/www.boisvermeil.com\/index.php\/wp-json\/wp\/v2\/product\/850","targetHints":{"allow":["GET"]}}],"collection":[{"href":"https:\/\/www.boisvermeil.com\/index.php\/wp-json\/wp\/v2\/product"}],"about":[{"href":"https:\/\/www.boisvermeil.com\/index.php\/wp-json\/wp\/v2\/types\/product"}],"wp:featuredmedia":[{"embeddable":true,"href":"https:\/\/www.boisvermeil.com\/index.php\/wp-json\/wp\/v2\/media\/851"}],"wp:attachment":[{"href":"https:\/\/www.boisvermeil.com\/index.php\/wp-json\/wp\/v2\/media?parent=850"}],"wp:term":[{"taxonomy":"product_brand","embeddable":true,"href":"https:\/\/www.boisvermeil.com\/index.php\/wp-json\/wp\/v2\/product_brand?post=850"},{"taxonomy":"product_cat","embeddable":true,"href":"https:\/\/www.boisvermeil.com\/index.php\/wp-json\/wp\/v2\/product_cat?post=850"},{"taxonomy":"product_tag","embeddable":true,"href":"https:\/\/www.boisvermeil.com\/index.php\/wp-json\/wp\/v2\/product_tag?post=850"}],"curies":[{"name":"wp","href":"https:\/\/api.w.org\/{rel}","templated":true}]}}