{"id":859,"date":"2026-04-14T16:16:29","date_gmt":"2026-04-14T14:16:29","guid":{"rendered":"https:\/\/www.boisvermeil.com\/?post_type=product&#038;p=859"},"modified":"2026-04-14T16:16:29","modified_gmt":"2026-04-14T14:16:29","slug":"miroir-ancien-en-chene-sculpte-trumeau-miroir-biseaute","status":"publish","type":"product","link":"https:\/\/www.boisvermeil.com\/index.php\/produit\/miroir-ancien-en-chene-sculpte-trumeau-miroir-biseaute\/","title":{"rendered":"Miroir ancien en ch\u00eane sculpt\u00e9 \u2013 trumeau, miroir biseaut\u00e9"},"content":{"rendered":"<p>Magnifique miroir ancien en ch\u00eane massif, enti\u00e8rement a\u00e9rogomm\u00e9, avec encadrement richement sculpt\u00e9.<\/p>\n<p>Tr\u00e8s belle pi\u00e8ce de caract\u00e8re, id\u00e9ale en miroir de chemin\u00e9e (trumeau) ou en d\u00e9coration murale pour apporter du cachet \u00e0 votre int\u00e9rieur.<\/p>\n<p>Le miroir est biseaut\u00e9, ce qui lui apporte encore plus d\u2019\u00e9l\u00e9gance, et le bois a \u00e9t\u00e9 mis en valeur gr\u00e2ce \u00e0 l\u2019a\u00e9rogommage, r\u00e9v\u00e9lant toute la finesse des sculptures et du veinage naturel.<\/p>\n<p>Points forts :<\/p>\n<p>\u2022 Ch\u00eane massif<\/p>\n<p>\u2022 Enti\u00e8rement a\u00e9rogomm\u00e9<\/p>\n<p>\u2022 Miroir biseaut\u00e9<\/p>\n<p>\u2022 Sculptures d\u00e9taill\u00e9es (frise et colonnes)<\/p>\n<p>\u2022 Pi\u00e8ce unique et authentique<\/p>\n<p>\u2022 Id\u00e9al en d\u00e9coration ou au-dessus d\u2019une chemin\u00e9e<\/p>\n<p>\u2022 Bon \u00e9tat g\u00e9n\u00e9ral<\/p>\n<p>Dimensions :<\/p>\n<p>Hauteur : 117 cm<\/p>\n<p>Largeur : 87 cm<\/p>\n<p>Prix : 240 \u20ac<\/p>\n","protected":false},"excerpt":{"rendered":"<p>Magnifique miroir ancien en ch\u00eane massif, enti\u00e8rement a\u00e9rogomm\u00e9, avec encadrement richement sculpt\u00e9. Tr\u00e8s belle pi\u00e8ce de caract\u00e8re, id\u00e9ale en miroir de chemin\u00e9e (trumeau) ou en d\u00e9coration murale pour apporter du cachet \u00e0 votre int\u00e9rieur. Le miroir est biseaut\u00e9, ce qui lui apporte encore plus d\u2019\u00e9l\u00e9gance, et le bois a \u00e9t\u00e9 mis en valeur gr\u00e2ce \u00e0&#8230;<\/p>\n","protected":false},"featured_media":860,"template":"","meta":[],"product_brand":[],"product_cat":[27],"product_tag":[],"class_list":{"0":"post-859","1":"product","2":"type-product","3":"status-publish","4":"has-post-thumbnail","6":"product_cat-meubles-aerogommes","8":"first","9":"instock","10":"shipping-taxable","11":"purchasable","12":"product-type-simple"},"yoast_head":"<!-- This site is optimized with the Yoast SEO plugin v24.8.1 - https:\/\/yoast.com\/wordpress\/plugins\/seo\/ -->\n<title>Miroir ancien en ch\u00eane sculpt\u00e9 \u2013 trumeau, miroir biseaut\u00e9 - BOIS VERMEIL<\/title>\n<meta name=\"description\" content=\"cr\u00e9ation mobilier, relookage meuble, a\u00e9rogommage,\" \/>\n<meta name=\"robots\" content=\"index, follow, max-snippet:-1, max-image-preview:large, max-video-preview:-1\" \/>\n<link rel=\"canonical\" href=\"https:\/\/www.boisvermeil.com\/index.php\/produit\/miroir-ancien-en-chene-sculpte-trumeau-miroir-biseaute\/\" \/>\n<meta property=\"og:locale\" content=\"fr_FR\" \/>\n<meta property=\"og:type\" content=\"article\" \/>\n<meta property=\"og:title\" content=\"Miroir ancien en ch\u00eane sculpt\u00e9 \u2013 trumeau, miroir biseaut\u00e9 - BOIS VERMEIL\" \/>\n<meta property=\"og:description\" content=\"cr\u00e9ation mobilier, relookage meuble, a\u00e9rogommage,\" \/>\n<meta property=\"og:url\" content=\"https:\/\/www.boisvermeil.com\/index.php\/produit\/miroir-ancien-en-chene-sculpte-trumeau-miroir-biseaute\/\" \/>\n<meta property=\"og:site_name\" content=\"BOIS VERMEIL\" \/>\n<meta property=\"og:image\" content=\"https:\/\/www.boisvermeil.com\/wp-content\/uploads\/2026\/04\/141ED9B7-57F1-45E8-A510-87004EFE24E4-683x1024.png\" \/>\n\t<meta property=\"og:image:width\" content=\"683\" \/>\n\t<meta property=\"og:image:height\" content=\"1024\" \/>\n\t<meta property=\"og:image:type\" content=\"image\/png\" \/>\n<meta name=\"twitter:card\" content=\"summary_large_image\" \/>\n<meta name=\"twitter:label1\" content=\"Dur\u00e9e de lecture estim\u00e9e\" \/>\n\t<meta name=\"twitter:data1\" content=\"1 minute\" \/>\n<script type=\"application\/ld+json\" class=\"yoast-schema-graph\">{\"@context\":\"https:\/\/schema.org\",\"@graph\":[{\"@type\":\"WebPage\",\"@id\":\"https:\/\/www.boisvermeil.com\/index.php\/produit\/miroir-ancien-en-chene-sculpte-trumeau-miroir-biseaute\/\",\"url\":\"https:\/\/www.boisvermeil.com\/index.php\/produit\/miroir-ancien-en-chene-sculpte-trumeau-miroir-biseaute\/\",\"name\":\"Miroir ancien en ch\u00eane sculpt\u00e9 \u2013 trumeau, miroir biseaut\u00e9 - BOIS VERMEIL\",\"isPartOf\":{\"@id\":\"https:\/\/www.boisvermeil.com\/#website\"},\"primaryImageOfPage\":{\"@id\":\"https:\/\/www.boisvermeil.com\/index.php\/produit\/miroir-ancien-en-chene-sculpte-trumeau-miroir-biseaute\/#primaryimage\"},\"image\":{\"@id\":\"https:\/\/www.boisvermeil.com\/index.php\/produit\/miroir-ancien-en-chene-sculpte-trumeau-miroir-biseaute\/#primaryimage\"},\"thumbnailUrl\":\"https:\/\/www.boisvermeil.com\/wp-content\/uploads\/2026\/04\/141ED9B7-57F1-45E8-A510-87004EFE24E4.png\",\"datePublished\":\"2026-04-14T14:16:29+00:00\",\"description\":\"cr\u00e9ation mobilier, relookage meuble, a\u00e9rogommage,\",\"breadcrumb\":{\"@id\":\"https:\/\/www.boisvermeil.com\/index.php\/produit\/miroir-ancien-en-chene-sculpte-trumeau-miroir-biseaute\/#breadcrumb\"},\"inLanguage\":\"fr-FR\",\"potentialAction\":[{\"@type\":\"ReadAction\",\"target\":[\"https:\/\/www.boisvermeil.com\/index.php\/produit\/miroir-ancien-en-chene-sculpte-trumeau-miroir-biseaute\/\"]}]},{\"@type\":\"ImageObject\",\"inLanguage\":\"fr-FR\",\"@id\":\"https:\/\/www.boisvermeil.com\/index.php\/produit\/miroir-ancien-en-chene-sculpte-trumeau-miroir-biseaute\/#primaryimage\",\"url\":\"https:\/\/www.boisvermeil.com\/wp-content\/uploads\/2026\/04\/141ED9B7-57F1-45E8-A510-87004EFE24E4.png\",\"contentUrl\":\"https:\/\/www.boisvermeil.com\/wp-content\/uploads\/2026\/04\/141ED9B7-57F1-45E8-A510-87004EFE24E4.png\",\"width\":1024,\"height\":1536},{\"@type\":\"BreadcrumbList\",\"@id\":\"https:\/\/www.boisvermeil.com\/index.php\/produit\/miroir-ancien-en-chene-sculpte-trumeau-miroir-biseaute\/#breadcrumb\",\"itemListElement\":[{\"@type\":\"ListItem\",\"position\":1,\"name\":\"Accueil\",\"item\":\"https:\/\/www.boisvermeil.com\/\"},{\"@type\":\"ListItem\",\"position\":2,\"name\":\"Miroir ancien en ch\u00eane sculpt\u00e9 \u2013 trumeau, miroir biseaut\u00e9\"}]},{\"@type\":\"WebSite\",\"@id\":\"https:\/\/www.boisvermeil.com\/#website\",\"url\":\"https:\/\/www.boisvermeil.com\/\",\"name\":\"BOIS VERMEIL\",\"description\":\"art et mobilier Art et Mobilier\",\"publisher\":{\"@id\":\"https:\/\/www.boisvermeil.com\/#organization\"},\"alternateName\":\"Bois Vermeil\",\"potentialAction\":[{\"@type\":\"SearchAction\",\"target\":{\"@type\":\"EntryPoint\",\"urlTemplate\":\"https:\/\/www.boisvermeil.com\/?s={search_term_string}\"},\"query-input\":{\"@type\":\"PropertyValueSpecification\",\"valueRequired\":true,\"valueName\":\"search_term_string\"}}],\"inLanguage\":\"fr-FR\"},{\"@type\":\"Organization\",\"@id\":\"https:\/\/www.boisvermeil.com\/#organization\",\"name\":\"BOIS VERMEIL\",\"alternateName\":\"Bois Vermeil - Art et Mobilier\",\"url\":\"https:\/\/www.boisvermeil.com\/\",\"logo\":{\"@type\":\"ImageObject\",\"inLanguage\":\"fr-FR\",\"@id\":\"https:\/\/www.boisvermeil.com\/#\/schema\/logo\/image\/\",\"url\":\"https:\/\/www.boisvermeil.com\/wp-content\/uploads\/2024\/12\/cropped-Logo-Fond-fonce.png\",\"contentUrl\":\"https:\/\/www.boisvermeil.com\/wp-content\/uploads\/2024\/12\/cropped-Logo-Fond-fonce.png\",\"width\":512,\"height\":512,\"caption\":\"BOIS VERMEIL\"},\"image\":{\"@id\":\"https:\/\/www.boisvermeil.com\/#\/schema\/logo\/image\/\"}}]}<\/script>\n<!-- \/ Yoast SEO plugin. -->","yoast_head_json":{"title":"Miroir ancien en ch\u00eane sculpt\u00e9 \u2013 trumeau, miroir biseaut\u00e9 - BOIS VERMEIL","description":"cr\u00e9ation mobilier, relookage meuble, a\u00e9rogommage,","robots":{"index":"index","follow":"follow","max-snippet":"max-snippet:-1","max-image-preview":"max-image-preview:large","max-video-preview":"max-video-preview:-1"},"canonical":"https:\/\/www.boisvermeil.com\/index.php\/produit\/miroir-ancien-en-chene-sculpte-trumeau-miroir-biseaute\/","og_locale":"fr_FR","og_type":"article","og_title":"Miroir ancien en ch\u00eane sculpt\u00e9 \u2013 trumeau, miroir biseaut\u00e9 - BOIS VERMEIL","og_description":"cr\u00e9ation mobilier, relookage meuble, a\u00e9rogommage,","og_url":"https:\/\/www.boisvermeil.com\/index.php\/produit\/miroir-ancien-en-chene-sculpte-trumeau-miroir-biseaute\/","og_site_name":"BOIS VERMEIL","og_image":[{"width":683,"height":1024,"url":"https:\/\/www.boisvermeil.com\/wp-content\/uploads\/2026\/04\/141ED9B7-57F1-45E8-A510-87004EFE24E4-683x1024.png","type":"image\/png"}],"twitter_card":"summary_large_image","twitter_misc":{"Dur\u00e9e de lecture estim\u00e9e":"1 minute"},"schema":{"@context":"https:\/\/schema.org","@graph":[{"@type":"WebPage","@id":"https:\/\/www.boisvermeil.com\/index.php\/produit\/miroir-ancien-en-chene-sculpte-trumeau-miroir-biseaute\/","url":"https:\/\/www.boisvermeil.com\/index.php\/produit\/miroir-ancien-en-chene-sculpte-trumeau-miroir-biseaute\/","name":"Miroir ancien en ch\u00eane sculpt\u00e9 \u2013 trumeau, miroir biseaut\u00e9 - BOIS VERMEIL","isPartOf":{"@id":"https:\/\/www.boisvermeil.com\/#website"},"primaryImageOfPage":{"@id":"https:\/\/www.boisvermeil.com\/index.php\/produit\/miroir-ancien-en-chene-sculpte-trumeau-miroir-biseaute\/#primaryimage"},"image":{"@id":"https:\/\/www.boisvermeil.com\/index.php\/produit\/miroir-ancien-en-chene-sculpte-trumeau-miroir-biseaute\/#primaryimage"},"thumbnailUrl":"https:\/\/www.boisvermeil.com\/wp-content\/uploads\/2026\/04\/141ED9B7-57F1-45E8-A510-87004EFE24E4.png","datePublished":"2026-04-14T14:16:29+00:00","description":"cr\u00e9ation mobilier, relookage meuble, a\u00e9rogommage,","breadcrumb":{"@id":"https:\/\/www.boisvermeil.com\/index.php\/produit\/miroir-ancien-en-chene-sculpte-trumeau-miroir-biseaute\/#breadcrumb"},"inLanguage":"fr-FR","potentialAction":[{"@type":"ReadAction","target":["https:\/\/www.boisvermeil.com\/index.php\/produit\/miroir-ancien-en-chene-sculpte-trumeau-miroir-biseaute\/"]}]},{"@type":"ImageObject","inLanguage":"fr-FR","@id":"https:\/\/www.boisvermeil.com\/index.php\/produit\/miroir-ancien-en-chene-sculpte-trumeau-miroir-biseaute\/#primaryimage","url":"https:\/\/www.boisvermeil.com\/wp-content\/uploads\/2026\/04\/141ED9B7-57F1-45E8-A510-87004EFE24E4.png","contentUrl":"https:\/\/www.boisvermeil.com\/wp-content\/uploads\/2026\/04\/141ED9B7-57F1-45E8-A510-87004EFE24E4.png","width":1024,"height":1536},{"@type":"BreadcrumbList","@id":"https:\/\/www.boisvermeil.com\/index.php\/produit\/miroir-ancien-en-chene-sculpte-trumeau-miroir-biseaute\/#breadcrumb","itemListElement":[{"@type":"ListItem","position":1,"name":"Accueil","item":"https:\/\/www.boisvermeil.com\/"},{"@type":"ListItem","position":2,"name":"Miroir ancien en ch\u00eane sculpt\u00e9 \u2013 trumeau, miroir biseaut\u00e9"}]},{"@type":"WebSite","@id":"https:\/\/www.boisvermeil.com\/#website","url":"https:\/\/www.boisvermeil.com\/","name":"BOIS VERMEIL","description":"art et mobilier Art et Mobilier","publisher":{"@id":"https:\/\/www.boisvermeil.com\/#organization"},"alternateName":"Bois Vermeil","potentialAction":[{"@type":"SearchAction","target":{"@type":"EntryPoint","urlTemplate":"https:\/\/www.boisvermeil.com\/?s={search_term_string}"},"query-input":{"@type":"PropertyValueSpecification","valueRequired":true,"valueName":"search_term_string"}}],"inLanguage":"fr-FR"},{"@type":"Organization","@id":"https:\/\/www.boisvermeil.com\/#organization","name":"BOIS VERMEIL","alternateName":"Bois Vermeil - Art et Mobilier","url":"https:\/\/www.boisvermeil.com\/","logo":{"@type":"ImageObject","inLanguage":"fr-FR","@id":"https:\/\/www.boisvermeil.com\/#\/schema\/logo\/image\/","url":"https:\/\/www.boisvermeil.com\/wp-content\/uploads\/2024\/12\/cropped-Logo-Fond-fonce.png","contentUrl":"https:\/\/www.boisvermeil.com\/wp-content\/uploads\/2024\/12\/cropped-Logo-Fond-fonce.png","width":512,"height":512,"caption":"BOIS VERMEIL"},"image":{"@id":"https:\/\/www.boisvermeil.com\/#\/schema\/logo\/image\/"}}]}},"jetpack_sharing_enabled":true,"_links":{"self":[{"href":"https:\/\/www.boisvermeil.com\/index.php\/wp-json\/wp\/v2\/product\/859","targetHints":{"allow":["GET"]}}],"collection":[{"href":"https:\/\/www.boisvermeil.com\/index.php\/wp-json\/wp\/v2\/product"}],"about":[{"href":"https:\/\/www.boisvermeil.com\/index.php\/wp-json\/wp\/v2\/types\/product"}],"wp:featuredmedia":[{"embeddable":true,"href":"https:\/\/www.boisvermeil.com\/index.php\/wp-json\/wp\/v2\/media\/860"}],"wp:attachment":[{"href":"https:\/\/www.boisvermeil.com\/index.php\/wp-json\/wp\/v2\/media?parent=859"}],"wp:term":[{"taxonomy":"product_brand","embeddable":true,"href":"https:\/\/www.boisvermeil.com\/index.php\/wp-json\/wp\/v2\/product_brand?post=859"},{"taxonomy":"product_cat","embeddable":true,"href":"https:\/\/www.boisvermeil.com\/index.php\/wp-json\/wp\/v2\/product_cat?post=859"},{"taxonomy":"product_tag","embeddable":true,"href":"https:\/\/www.boisvermeil.com\/index.php\/wp-json\/wp\/v2\/product_tag?post=859"}],"curies":[{"name":"wp","href":"https:\/\/api.w.org\/{rel}","templated":true}]}}